{"id":12,"date":"2024-05-27T15:12:46","date_gmt":"2024-05-27T13:12:46","guid":{"rendered":"https:\/\/scooterclubdubearn.fr\/?page_id=12"},"modified":"2025-10-26T10:32:31","modified_gmt":"2025-10-26T09:32:31","slug":"organigramme","status":"publish","type":"page","link":"https:\/\/scooterclubdubearn.fr\/index.php\/organigramme\/","title":{"rendered":"Organigramme"},"content":{"rendered":"\n<p><\/p>\n\n\n\n<figure class=\"wp-block-image size-large\"><img loading=\"lazy\" decoding=\"async\" width=\"1024\" height=\"683\" src=\"https:\/\/scooterclubdubearn.fr\/wp-content\/uploads\/2024\/05\/DSCF2510-1024x683.jpg\" alt=\"\" class=\"wp-image-13\" srcset=\"https:\/\/scooterclubdubearn.fr\/wp-content\/uploads\/2024\/05\/DSCF2510-1024x683.jpg 1024w, https:\/\/scooterclubdubearn.fr\/wp-content\/uploads\/2024\/05\/DSCF2510-300x200.jpg 300w, https:\/\/scooterclubdubearn.fr\/wp-content\/uploads\/2024\/05\/DSCF2510-768x512.jpg 768w, https:\/\/scooterclubdubearn.fr\/wp-content\/uploads\/2024\/05\/DSCF2510-1536x1024.jpg 1536w, https:\/\/scooterclubdubearn.fr\/wp-content\/uploads\/2024\/05\/DSCF2510-2048x1365.jpg 2048w\" sizes=\"auto, (max-width: 1024px) 100vw, 1024px\" \/><\/figure>\n\n\n\n<p>Emmanuel Copin, Pr\u00e9sident fondateur du Scooter Club du B\u00e9arn, \u00e0 la Forge Moderne lors du Tour du B\u00e9arn 2023<\/p>\n\n\n\n<blockquote class=\"wp-block-quote is-layout-flow wp-block-quote-is-layout-flow\">\n<figure class=\"wp-block-image size-large\"><img loading=\"lazy\" decoding=\"async\" width=\"576\" height=\"1024\" src=\"http:\/\/scooterclubdubearn.fr\/wp-content\/uploads\/2025\/10\/jack-576x1024.jpg\" alt=\"\" class=\"wp-image-681\" srcset=\"https:\/\/scooterclubdubearn.fr\/wp-content\/uploads\/2025\/10\/jack-576x1024.jpg 576w, https:\/\/scooterclubdubearn.fr\/wp-content\/uploads\/2025\/10\/jack-169x300.jpg 169w, https:\/\/scooterclubdubearn.fr\/wp-content\/uploads\/2025\/10\/jack-768x1365.jpg 768w, https:\/\/scooterclubdubearn.fr\/wp-content\/uploads\/2025\/10\/jack-864x1536.jpg 864w, https:\/\/scooterclubdubearn.fr\/wp-content\/uploads\/2025\/10\/jack.jpg 1152w\" sizes=\"auto, (max-width: 576px) 100vw, 576px\" \/><\/figure>\n<\/blockquote>\n\n\n\n<p>Tr\u00e9sorier par int\u00e9rim Jacques Gezelin<\/p>\n\n\n\n<p><\/p>\n\n\n\n<p><\/p>\n\n\n\n<figure class=\"wp-block-image size-full\"><img loading=\"lazy\" decoding=\"async\" width=\"1033\" height=\"1550\" src=\"https:\/\/scooterclubdubearn.fr\/wp-content\/uploads\/2024\/10\/DSCF3442-4.jpg\" alt=\"\" class=\"wp-image-534\" srcset=\"https:\/\/scooterclubdubearn.fr\/wp-content\/uploads\/2024\/10\/DSCF3442-4.jpg 1033w, https:\/\/scooterclubdubearn.fr\/wp-content\/uploads\/2024\/10\/DSCF3442-4-200x300.jpg 200w, https:\/\/scooterclubdubearn.fr\/wp-content\/uploads\/2024\/10\/DSCF3442-4-682x1024.jpg 682w, https:\/\/scooterclubdubearn.fr\/wp-content\/uploads\/2024\/10\/DSCF3442-4-768x1152.jpg 768w, https:\/\/scooterclubdubearn.fr\/wp-content\/uploads\/2024\/10\/DSCF3442-4-1024x1536.jpg 1024w\" sizes=\"auto, (max-width: 1033px) 100vw, 1033px\" \/><\/figure>\n\n\n\n<p>Arnaud Dessommes , Secr\u00e9taire<\/p>\n\n\n\n<p><\/p>\n\n\n\n<figure class=\"wp-block-image size-full\"><img loading=\"lazy\" decoding=\"async\" width=\"480\" height=\"640\" src=\"https:\/\/scooterclubdubearn.fr\/wp-content\/uploads\/2024\/10\/IMG_3690.jpg\" alt=\"\" class=\"wp-image-535\" srcset=\"https:\/\/scooterclubdubearn.fr\/wp-content\/uploads\/2024\/10\/IMG_3690.jpg 480w, https:\/\/scooterclubdubearn.fr\/wp-content\/uploads\/2024\/10\/IMG_3690-225x300.jpg 225w\" sizes=\"auto, (max-width: 480px) 100vw, 480px\" \/><\/figure>\n\n\n\n<p>Jean Christophe Chartre, Photographe, Webmaster<\/p>\n\n\n\n<p><\/p>\n","protected":false},"excerpt":{"rendered":"<p>Emmanuel Copin, Pr\u00e9sident fondateur du Scooter Club du B\u00e9arn, \u00e0 la Forge Moderne lors du&#8230;<\/p>\n<div class=\"more-link-wrapper\"><a class=\"more-link\" href=\"https:\/\/scooterclubdubearn.fr\/index.php\/organigramme\/\">Read the post<span class=\"screen-reader-text\">Organigramme<\/span><\/a><\/div>\n","protected":false},"author":1,"featured_media":0,"parent":0,"menu_order":0,"comment_status":"closed","ping_status":"closed","template":"","meta":{"footnotes":""},"class_list":["post-12","page","type-page","status-publish","hentry","excerpt","zoom","full-without-featured","even","excerpt-0"],"_links":{"self":[{"href":"https:\/\/scooterclubdubearn.fr\/index.php\/wp-json\/wp\/v2\/pages\/12","targetHints":{"allow":["GET"]}}],"collection":[{"href":"https:\/\/scooterclubdubearn.fr\/index.php\/wp-json\/wp\/v2\/pages"}],"about":[{"href":"https:\/\/scooterclubdubearn.fr\/index.php\/wp-json\/wp\/v2\/types\/page"}],"author":[{"embeddable":true,"href":"https:\/\/scooterclubdubearn.fr\/index.php\/wp-json\/wp\/v2\/users\/1"}],"replies":[{"embeddable":true,"href":"https:\/\/scooterclubdubearn.fr\/index.php\/wp-json\/wp\/v2\/comments?post=12"}],"version-history":[{"count":16,"href":"https:\/\/scooterclubdubearn.fr\/index.php\/wp-json\/wp\/v2\/pages\/12\/revisions"}],"predecessor-version":[{"id":682,"href":"https:\/\/scooterclubdubearn.fr\/index.php\/wp-json\/wp\/v2\/pages\/12\/revisions\/682"}],"wp:attachment":[{"href":"https:\/\/scooterclubdubearn.fr\/index.php\/wp-json\/wp\/v2\/media?parent=12"}],"curies":[{"name":"wp","href":"https:\/\/api.w.org\/{rel}","templated":true}]}}